{"id":2,"date":"2010-06-08T14:10:28","date_gmt":"2010-06-08T19:10:28","guid":{"rendered":"http:\/\/scenotecnica.com\/?page_id=2"},"modified":"2026-02-24T17:20:09","modified_gmt":"2026-02-24T17:20:09","slug":"about","status":"publish","type":"page","link":"https:\/\/scenotecnica.com\/","title":{"rendered":"about"},"content":{"rendered":"<p style=\"text-align: left;\"><a href=\"http:\/\/scenotecnica.com\/wp-content\/uploads\/2013\/09\/Picture-3.jpg\"><img loading=\"lazy\" decoding=\"async\" class=\"size-full wp-image-88\" title=\"Picture 3\" src=\"http:\/\/scenotecnica.com\/wp-content\/uploads\/2013\/09\/Picture-3.jpg\" alt=\"\" width=\"441\" height=\"524\" srcset=\"https:\/\/scenotecnica.com\/wp-content\/uploads\/2013\/09\/Picture-3.jpg 441w, https:\/\/scenotecnica.com\/wp-content\/uploads\/2013\/09\/Picture-3-252x300.jpg 252w\" sizes=\"auto, (max-width: 441px) 100vw, 441px\" \/><\/a><\/p>\n<p style=\"text-align: left;\"><strong><a title=\"Prof. Daniele Paolin\" href=\"http:\/\/scenotecnica.com\/#!\/news\/prof-daniele-paolin-scenografo-scenotecnico\" target=\"_blank\">Daniele Paolin<\/a><\/strong><\/p>\n<p style=\"text-align: left;\"><strong>\u201cMentre pu\u00f2 esistere una\u00a0<em>tecnica<\/em>\u00a0senza\u00a0<em>arte<\/em>, non\u00a0<em>\u00e8<\/em>\u00a0mai esistita un\u2019<em>arte<\/em>\u00a0senza una\u00a0<em>tecnica\u201d<\/em>. \u00a0<em>Ren\u00e9 Berger<\/em><\/strong><\/p>\n<p style=\"text-align: left;\">\u00abLa consunta dicotomia fra azione artistica ideativa, pura e libera, e scenotecnica che la realizza, mostra una visione miope del problema che non \u00e8 pi\u00f9 da molto tempo di dipendenza esecutiva nei confronti di un oggetto altrimenti gi\u00e0 delineato. Il trattamento dello spazio globale, inteso anche come parti di vuoto, come aria e luce, \u00e8 altrettanto importante della scelta degli elementi figurativi che dichiarano il significato della scena. Progettare con coerenza nello spazio volumi, ritmi, colori, luci, immagini, forme, \u00e8 l\u2019azione oggi pi\u00f9 importante nella sfida con la fisicit\u00e0 del teatro, rappresentazione e costruzione a tre dimensioni di un brano di mondo ricreato. Proiettare un pensiero fatto di forme e luci nella loro esistenza fisica e farlo diventare oggetto in profondit\u00e0, modello o scultura, significa determinare e controllare non pi\u00f9 la tradizionale immagine-bozzetto ma l\u2019intero sistema spettacolo nella sua esistenza come entit\u00e0 concreta calata in una propria dimensione spazio-temporale\u00bb.<\/p>\n<p style=\"text-align: left;\">Da\u00a0<em>Verso la scena<\/em>\u00a0di Giorgio Ricchelli<\/p>\n<iframe src='http:\/\/www.facebook.com\/plugins\/like.php?href=https%3A%2F%2Fscenotecnica.com%2F&amp;layout=standard&amp;show_faces=false&amp;width=450&amp;action=recommend&amp;colorscheme=light&amp;height=35' scrolling='no' frameborder='0' style='border:none; overflow:hidden; width:450px; height:35px' allowTransparency='true'><\/iframe>","protected":false},"excerpt":{"rendered":"<p>Daniele Paolin \u201cMentre pu\u00f2 esistere una\u00a0tecnica\u00a0senza\u00a0arte, non\u00a0\u00e8\u00a0mai esistita un\u2019arte\u00a0senza una\u00a0tecnica\u201d. \u00a0Ren\u00e9 Berger \u00abLa consunta dicotomia fra azione artistica ideativa, pura e libera, e scenotecnica che la realizza, mostra una visione miope del problema che non \u00e8 pi\u00f9 da molto tempo di dipendenza esecutiva nei confronti di un oggetto altrimenti gi\u00e0 delineato. Il trattamento dello spazio [&hellip;]<\/p>\n<iframe src='http:\/\/www.facebook.com\/plugins\/like.php?href=https%3A%2F%2Fscenotecnica.com%2F&amp;layout=standard&amp;show_faces=false&amp;width=450&amp;action=recommend&amp;colorscheme=light&amp;height=35' scrolling='no' frameborder='0' style='border:none; overflow:hidden; width:450px; height:35px' allowTransparency='true'><\/iframe>","protected":false},"author":1,"featured_media":0,"parent":0,"menu_order":0,"comment_status":"open","ping_status":"open","template":"","meta":{"footnotes":""},"class_list":["post-2","page","type-page","status-publish","hentry"],"_links":{"self":[{"href":"https:\/\/scenotecnica.com\/index.php?rest_route=\/wp\/v2\/pages\/2","targetHints":{"allow":["GET"]}}],"collection":[{"href":"https:\/\/scenotecnica.com\/index.php?rest_route=\/wp\/v2\/pages"}],"about":[{"href":"https:\/\/scenotecnica.com\/index.php?rest_route=\/wp\/v2\/types\/page"}],"author":[{"embeddable":true,"href":"https:\/\/scenotecnica.com\/index.php?rest_route=\/wp\/v2\/users\/1"}],"replies":[{"embeddable":true,"href":"https:\/\/scenotecnica.com\/index.php?rest_route=%2Fwp%2Fv2%2Fcomments&post=2"}],"version-history":[{"count":6,"href":"https:\/\/scenotecnica.com\/index.php?rest_route=\/wp\/v2\/pages\/2\/revisions"}],"predecessor-version":[{"id":261,"href":"https:\/\/scenotecnica.com\/index.php?rest_route=\/wp\/v2\/pages\/2\/revisions\/261"}],"wp:attachment":[{"href":"https:\/\/scenotecnica.com\/index.php?rest_route=%2Fwp%2Fv2%2Fmedia&parent=2"}],"curies":[{"name":"wp","href":"https:\/\/api.w.org\/{rel}","templated":true}]}}